{"id":1724,"date":"2023-03-02T18:05:50","date_gmt":"2023-03-02T17:05:50","guid":{"rendered":"http:\/\/legaldesk.ch\/?page_id=1724"},"modified":"2023-10-19T16:26:28","modified_gmt":"2023-10-19T14:26:28","slug":"impronta","status":"publish","type":"page","link":"https:\/\/legaldesk.ch\/it\/impronta\/","title":{"rendered":"Impronta"},"content":{"rendered":"<p>[et_pb_section fb_built=&#8221;1&#8243; custom_padding_last_edited=&#8221;on|phone&#8221; _builder_version=&#8221;4.20.0&#8243; _module_preset=&#8221;default&#8221; use_background_color_gradient=&#8221;on&#8221; background_color_gradient_direction=&#8221;143deg&#8221; background_color_gradient_stops=&#8221;#f39900 41%|#868689 100%&#8221; background_color_gradient_overlays_image=&#8221;on&#8221; background_image=&#8221;https:\/\/legaldesk.ch\/wp-content\/uploads\/2023\/02\/lawyer-86-3.jpg&#8221; custom_padding=&#8221;5vh||5vh||true|false&#8221; custom_padding_tablet=&#8221;8vh||8vh||true|false&#8221; custom_padding_phone=&#8221;4vh||4vh||true|false&#8221; locked=&#8221;off&#8221; global_colors_info=&#8221;{}&#8221;][et_pb_row use_custom_gutter=&#8221;on&#8221; gutter_width=&#8221;2&#8243; make_equal=&#8221;on&#8221; _builder_version=&#8221;4.16&#8243; _module_preset=&#8221;default&#8221; custom_padding=&#8221;0px||0px||true|&#8221; animation_style=&#8221;slide&#8221; animation_direction=&#8221;top&#8221; animation_duration=&#8221;1500ms&#8221; global_colors_info=&#8221;{}&#8221;][et_pb_column type=&#8221;4_4&#8243; _builder_version=&#8221;4.16&#8243; _module_preset=&#8221;default&#8221; global_colors_info=&#8221;{}&#8221;][et_pb_text _builder_version=&#8221;4.22.1&#8243; _module_preset=&#8221;default&#8221; text_font=&#8221;Oswald|600||on|||||&#8221; text_text_color=&#8221;#FFFFFF&#8221; text_letter_spacing=&#8221;3px&#8221; text_line_height=&#8221;1em&#8221; header_3_text_color=&#8221;#FFFFFF&#8221; global_colors_info=&#8221;{}&#8221;]LegalDesk<br \/>\n[\/et_pb_text][et_pb_text _builder_version=&#8221;4.20.0&#8243; _dynamic_attributes=&#8221;content&#8221; _module_preset=&#8221;default&#8221; header_font=&#8221;Oswald|||on|||||&#8221; header_text_align=&#8221;left&#8221; header_text_color=&#8221;#343434&#8243; header_font_size=&#8221;80px&#8221; header_line_height=&#8221;1.1em&#8221; custom_margin_tablet=&#8221;-10px||||false|false&#8221; custom_margin_phone=&#8221;-10px||||false|false&#8221; custom_margin_last_edited=&#8221;on|phone&#8221; header_font_size_tablet=&#8221;60px&#8221; header_font_size_phone=&#8221;50px&#8221; header_font_size_last_edited=&#8221;on|phone&#8221; global_colors_info=&#8221;{}&#8221;]@ET-DC@eyJkeW5hbWljIjp0cnVlLCJjb250ZW50IjoicG9zdF90aXRsZSIsInNldHRpbmdzIjp7ImJlZm9yZSI6IjxoMT4iLCJhZnRlciI6IjwvaDE+In19@[\/et_pb_text][\/et_pb_column][\/et_pb_row][\/et_pb_section][et_pb_section fb_built=&#8221;1&#8243; _builder_version=&#8221;4.20.0&#8243; _module_preset=&#8221;default&#8221; custom_padding=&#8221;100px||100px||true|false&#8221; global_colors_info=&#8221;{}&#8221;][et_pb_row _builder_version=&#8221;4.22.1&#8243; _module_preset=&#8221;default&#8221; global_colors_info=&#8221;{}&#8221;][et_pb_column type=&#8221;4_4&#8243; _builder_version=&#8221;4.20.0&#8243; _module_preset=&#8221;default&#8221; global_colors_info=&#8221;{}&#8221;][et_pb_text _builder_version=&#8221;4.22.2&#8243; _module_preset=&#8221;default&#8221; text_font=&#8221;Roboto Condensed||||||||&#8221; text_text_color=&#8221;#343434&#8243; text_line_height=&#8221;1.6em&#8221; custom_margin_tablet=&#8221;-10px||||false|false&#8221; custom_margin_phone=&#8221;-10px||||false|false&#8221; custom_margin_last_edited=&#8221;on|phone&#8221; hover_enabled=&#8221;0&#8243; global_colors_info=&#8221;{}&#8221; sticky_enabled=&#8221;0&#8243;]<\/p>\n<p>Il presente sito web \u00e8 gestito da LegalDesk, c\/o BGPartner AG, L\u00e4nggassstrasse 10, 3001 Berna (di seguito &#8220;LegalDesk&#8221;).<\/p>\n<p>[\/et_pb_text][et_pb_text _builder_version=&#8221;4.22.2&#8243; _module_preset=&#8221;default&#8221; text_font=&#8221;Roboto Condensed||||||||&#8221; text_text_color=&#8221;#343434&#8243; text_line_height=&#8221;1.8em&#8221; custom_margin=&#8221;25px||||false|false&#8221; custom_margin_tablet=&#8221;-10px||||false|false&#8221; custom_margin_phone=&#8221;-10px||||false|false&#8221; custom_margin_last_edited=&#8221;on|phone&#8221; hover_enabled=&#8221;0&#8243; global_colors_info=&#8221;{}&#8221; sticky_enabled=&#8221;0&#8243;]<\/p>\n<h3>Condizioni di utilizzo<\/h3>\n<p>I contenuti disponibili su questo sito web sono solo a scopo informativo generale. Non costituisce consulenza legale o altra consulenza professionale. Sebbene LegalDesk si adoperi per garantire che le informazioni contenute in questo sito web siano accurate, LegalDesk non pu\u00f2 garantirne l&#8217;accuratezza, la completezza, l&#8217;adeguatezza o altro.<\/p>\n<p>LegalDesk non \u00e8 responsabile per eventuali danni derivanti dall&#8217;uso del sito web o delle informazioni in esso disponibili. In particolare, non si assume alcuna responsabilit\u00e0 per l&#8217;attualit\u00e0, la completezza e la correttezza dei contenuti. \u00c8 esclusa anche la responsabilit\u00e0 per i link a siti web di terzi e per il contenuto di tali siti.<\/p>\n<p>La trasmissione di informazioni da questo sito web o il reperimento di tali informazioni non instaura un rapporto cliente-avvocato tra il destinatario e LegalDesk.<\/p>\n<p>Pu\u00f2 accadere che le e-mail non vengano consegnate o non vengano consegnate in tempo. Pertanto, vi chiediamo di inviarci messaggi importanti o critici dal punto di vista temporale per posta ordinaria (con prova di ricezione) o tramite corriere. Quando si utilizza la posta elettronica, si consiglia di richiedere una conferma di ricezione da parte del destinatario. In caso di dubbio, si consiglia di contattare telefonicamente il destinatario.<\/p>\n<p>Se non diversamente indicato, LegalDesk detiene i diritti su tutti i contenuti (immagini, testi, marchi, ecc.) utilizzati in questo sito. Il loro utilizzo senza il previo consenso esplicito di LegalDesk \u00e8 vietato. \u00c8 altres\u00ec vietato il recupero o la visualizzazione automatica, completa o parziale, dei contenuti di questo sito web per mezzo di ausili tecnici (quali programmi web crawler\/spider, motori di metasearch, framing).<\/p>\n<p>Le Condizioni d&#8217;uso e l&#8217;Informativa sulla privacy sono soggette alla legge svizzera. Qualsiasi controversia derivante o connessa alle Condizioni d&#8217;uso e all&#8217;Informativa sulla privacy sar\u00e0 soggetta alla giurisdizione esclusiva dei tribunali della citt\u00e0 di Zurigo (Svizzera).<\/p>\n<p>[\/et_pb_text][\/et_pb_column][\/et_pb_row][\/et_pb_section]<\/p>\n","protected":false},"excerpt":{"rendered":"<p>LegalDesk Il presente sito web \u00e8 gestito da LegalDesk, c\/o BGPartner AG, L\u00e4nggassstrasse 10, 3001 Berna (di seguito &#8220;LegalDesk&#8221;).Condizioni di utilizzo I contenuti disponibili su questo sito web sono solo a scopo informativo generale. Non costituisce consulenza legale o altra consulenza professionale. Sebbene LegalDesk si adoperi per garantire che le informazioni contenute in questo sito [&hellip;]<\/p>\n","protected":false},"author":1,"featured_media":0,"parent":0,"menu_order":0,"comment_status":"closed","ping_status":"closed","template":"","meta":{"_acf_changed":false,"_et_pb_use_builder":"on","_et_pb_old_content":"","_et_gb_content_width":"","footnotes":""},"dipi_cpt_category":[],"class_list":["post-1724","page","type-page","status-publish","hentry"],"acf":[],"yoast_head":"<!-- This site is optimized with the Yoast SEO plugin v27.3 - https:\/\/yoast.com\/product\/yoast-seo-wordpress\/ -->\n<title>Impronta - LegalDesk<\/title>\n<meta name=\"robots\" content=\"index, follow, max-snippet:-1, max-image-preview:large, max-video-preview:-1\" \/>\n<link rel=\"canonical\" href=\"https:\/\/legaldesk.ch\/it\/impronta\/\" \/>\n<meta property=\"og:locale\" content=\"it_IT\" \/>\n<meta property=\"og:type\" content=\"article\" \/>\n<meta property=\"og:title\" content=\"Impronta - LegalDesk\" \/>\n<meta property=\"og:description\" content=\"LegalDesk Il presente sito web \u00e8 gestito da LegalDesk, c\/o BGPartner AG, L\u00e4nggassstrasse 10, 3001 Berna (di seguito &quot;LegalDesk&quot;).Condizioni di utilizzo I contenuti disponibili su questo sito web sono solo a scopo informativo generale. Non costituisce consulenza legale o altra consulenza professionale. Sebbene LegalDesk si adoperi per garantire che le informazioni contenute in questo sito [&hellip;]\" \/>\n<meta property=\"og:site_name\" content=\"LegalDesk\" \/>\n<meta property=\"article:modified_time\" content=\"2023-10-19T14:26:28+00:00\" \/>\n<meta property=\"og:image\" content=\"https:\/\/legaldesk.ch\/wp-content\/uploads\/2023\/09\/230718_Grid_Anwaelte.jpg\" \/>\n\t<meta property=\"og:image:width\" content=\"2500\" \/>\n\t<meta property=\"og:image:height\" content=\"1406\" \/>\n\t<meta property=\"og:image:type\" content=\"image\/jpeg\" \/>\n<meta name=\"twitter:card\" content=\"summary_large_image\" \/>\n<meta name=\"twitter:label1\" content=\"Tempo di lettura stimato\" \/>\n\t<meta name=\"twitter:data1\" content=\"4 minuti\" \/>\n<script type=\"application\/ld+json\" class=\"yoast-schema-graph\">{\"@context\":\"https:\\\/\\\/schema.org\",\"@graph\":[{\"@type\":\"WebPage\",\"@id\":\"https:\\\/\\\/legaldesk.ch\\\/it\\\/impronta\\\/\",\"url\":\"https:\\\/\\\/legaldesk.ch\\\/it\\\/impronta\\\/\",\"name\":\"Impronta - LegalDesk\",\"isPartOf\":{\"@id\":\"https:\\\/\\\/legaldesk.ch\\\/#website\"},\"datePublished\":\"2023-03-02T17:05:50+00:00\",\"dateModified\":\"2023-10-19T14:26:28+00:00\",\"breadcrumb\":{\"@id\":\"https:\\\/\\\/legaldesk.ch\\\/it\\\/impronta\\\/#breadcrumb\"},\"inLanguage\":\"it-IT\",\"potentialAction\":[{\"@type\":\"ReadAction\",\"target\":[\"https:\\\/\\\/legaldesk.ch\\\/it\\\/impronta\\\/\"]}]},{\"@type\":\"BreadcrumbList\",\"@id\":\"https:\\\/\\\/legaldesk.ch\\\/it\\\/impronta\\\/#breadcrumb\",\"itemListElement\":[{\"@type\":\"ListItem\",\"position\":1,\"name\":\"Startseite\",\"item\":\"https:\\\/\\\/legaldesk.ch\\\/\"},{\"@type\":\"ListItem\",\"position\":2,\"name\":\"Impronta\"}]},{\"@type\":\"WebSite\",\"@id\":\"https:\\\/\\\/legaldesk.ch\\\/#website\",\"url\":\"https:\\\/\\\/legaldesk.ch\\\/\",\"name\":\"LegalDesk\",\"description\":\"Das Schweizer Anwaltsnetzwerk\",\"potentialAction\":[{\"@type\":\"SearchAction\",\"target\":{\"@type\":\"EntryPoint\",\"urlTemplate\":\"https:\\\/\\\/legaldesk.ch\\\/?s={search_term_string}\"},\"query-input\":{\"@type\":\"PropertyValueSpecification\",\"valueRequired\":true,\"valueName\":\"search_term_string\"}}],\"inLanguage\":\"it-IT\"}]}<\/script>\n<!-- \/ Yoast SEO plugin. -->","yoast_head_json":{"title":"Impronta - LegalDesk","robots":{"index":"index","follow":"follow","max-snippet":"max-snippet:-1","max-image-preview":"max-image-preview:large","max-video-preview":"max-video-preview:-1"},"canonical":"https:\/\/legaldesk.ch\/it\/impronta\/","og_locale":"it_IT","og_type":"article","og_title":"Impronta - LegalDesk","og_description":"LegalDesk Il presente sito web \u00e8 gestito da LegalDesk, c\/o BGPartner AG, L\u00e4nggassstrasse 10, 3001 Berna (di seguito \"LegalDesk\").Condizioni di utilizzo I contenuti disponibili su questo sito web sono solo a scopo informativo generale. Non costituisce consulenza legale o altra consulenza professionale. Sebbene LegalDesk si adoperi per garantire che le informazioni contenute in questo sito [&hellip;]","og_site_name":"LegalDesk","article_modified_time":"2023-10-19T14:26:28+00:00","og_image":[{"width":2500,"height":1406,"url":"https:\/\/legaldesk.ch\/wp-content\/uploads\/2023\/09\/230718_Grid_Anwaelte.jpg","type":"image\/jpeg"}],"twitter_card":"summary_large_image","twitter_misc":{"Tempo di lettura stimato":"4 minuti"},"schema":{"@context":"https:\/\/schema.org","@graph":[{"@type":"WebPage","@id":"https:\/\/legaldesk.ch\/it\/impronta\/","url":"https:\/\/legaldesk.ch\/it\/impronta\/","name":"Impronta - LegalDesk","isPartOf":{"@id":"https:\/\/legaldesk.ch\/#website"},"datePublished":"2023-03-02T17:05:50+00:00","dateModified":"2023-10-19T14:26:28+00:00","breadcrumb":{"@id":"https:\/\/legaldesk.ch\/it\/impronta\/#breadcrumb"},"inLanguage":"it-IT","potentialAction":[{"@type":"ReadAction","target":["https:\/\/legaldesk.ch\/it\/impronta\/"]}]},{"@type":"BreadcrumbList","@id":"https:\/\/legaldesk.ch\/it\/impronta\/#breadcrumb","itemListElement":[{"@type":"ListItem","position":1,"name":"Startseite","item":"https:\/\/legaldesk.ch\/"},{"@type":"ListItem","position":2,"name":"Impronta"}]},{"@type":"WebSite","@id":"https:\/\/legaldesk.ch\/#website","url":"https:\/\/legaldesk.ch\/","name":"LegalDesk","description":"Das Schweizer Anwaltsnetzwerk","potentialAction":[{"@type":"SearchAction","target":{"@type":"EntryPoint","urlTemplate":"https:\/\/legaldesk.ch\/?s={search_term_string}"},"query-input":{"@type":"PropertyValueSpecification","valueRequired":true,"valueName":"search_term_string"}}],"inLanguage":"it-IT"}]}},"_links":{"self":[{"href":"https:\/\/legaldesk.ch\/it\/wp-json\/wp\/v2\/pages\/1724","targetHints":{"allow":["GET"]}}],"collection":[{"href":"https:\/\/legaldesk.ch\/it\/wp-json\/wp\/v2\/pages"}],"about":[{"href":"https:\/\/legaldesk.ch\/it\/wp-json\/wp\/v2\/types\/page"}],"author":[{"embeddable":true,"href":"https:\/\/legaldesk.ch\/it\/wp-json\/wp\/v2\/users\/1"}],"replies":[{"embeddable":true,"href":"https:\/\/legaldesk.ch\/it\/wp-json\/wp\/v2\/comments?post=1724"}],"version-history":[{"count":2,"href":"https:\/\/legaldesk.ch\/it\/wp-json\/wp\/v2\/pages\/1724\/revisions"}],"predecessor-version":[{"id":1727,"href":"https:\/\/legaldesk.ch\/it\/wp-json\/wp\/v2\/pages\/1724\/revisions\/1727"}],"wp:attachment":[{"href":"https:\/\/legaldesk.ch\/it\/wp-json\/wp\/v2\/media?parent=1724"}],"wp:term":[{"taxonomy":"dipi_cpt_category","embeddable":true,"href":"https:\/\/legaldesk.ch\/it\/wp-json\/wp\/v2\/dipi_cpt_category?post=1724"}],"curies":[{"name":"wp","href":"https:\/\/api.w.org\/{rel}","templated":true}]}}