{"id":1719,"date":"2023-03-02T18:05:50","date_gmt":"2023-03-02T17:05:50","guid":{"rendered":"http:\/\/legaldesk.ch\/?page_id=1719"},"modified":"2023-10-19T16:24:37","modified_gmt":"2023-10-19T14:24:37","slug":"mentions-legales","status":"publish","type":"page","link":"https:\/\/legaldesk.ch\/fr\/mentions-legales\/","title":{"rendered":"Mentions l\u00e9gales"},"content":{"rendered":"<p>[et_pb_section fb_built=\u00a0\u00bb1&Prime; custom_padding_last_edited=\u00a0\u00bbon|phone\u00a0\u00bb _builder_version=\u00a0\u00bb4.20.0&Prime; _module_preset=\u00a0\u00bbdefault\u00a0\u00bb use_background_color_gradient=\u00a0\u00bbon\u00a0\u00bb background_color_gradient_direction=\u00a0\u00bb143deg\u00a0\u00bb background_color_gradient_stops=\u00a0\u00bb#f39900 41%|#868689 100%\u00a0\u00bb background_color_gradient_overlays_image=\u00a0\u00bbon\u00a0\u00bb background_image=\u00a0\u00bbhttps:\/\/legaldesk.ch\/wp-content\/uploads\/2023\/02\/lawyer-86-3.jpg\u00a0\u00bb custom_padding=\u00a0\u00bb5vh||5vh||true|false\u00a0\u00bb custom_padding_tablet=\u00a0\u00bb8vh||8vh||true|false\u00a0\u00bb custom_padding_phone=\u00a0\u00bb4vh||4vh||true|false\u00a0\u00bb locked=\u00a0\u00bboff\u00a0\u00bb global_colors_info=\u00a0\u00bb{}\u00a0\u00bb][et_pb_row use_custom_gutter=\u00a0\u00bbon\u00a0\u00bb gutter_width=\u00a0\u00bb2&Prime; make_equal=\u00a0\u00bbon\u00a0\u00bb _builder_version=\u00a0\u00bb4.16&Prime; _module_preset=\u00a0\u00bbdefault\u00a0\u00bb custom_padding=\u00a0\u00bb0px||0px||true|\u00a0\u00bb animation_style=\u00a0\u00bbslide\u00a0\u00bb animation_direction=\u00a0\u00bbtop\u00a0\u00bb animation_duration=\u00a0\u00bb1500ms\u00a0\u00bb global_colors_info=\u00a0\u00bb{}\u00a0\u00bb][et_pb_column type=\u00a0\u00bb4_4&Prime; _builder_version=\u00a0\u00bb4.16&Prime; _module_preset=\u00a0\u00bbdefault\u00a0\u00bb global_colors_info=\u00a0\u00bb{}\u00a0\u00bb][et_pb_text _builder_version=\u00a0\u00bb4.22.2&Prime; _module_preset=\u00a0\u00bbdefault\u00a0\u00bb text_font=\u00a0\u00bbOswald|600||on|||||\u00a0\u00bb text_text_color=\u00a0\u00bb#FFFFFF\u00a0\u00bb text_letter_spacing=\u00a0\u00bb3px\u00a0\u00bb text_line_height=\u00a0\u00bb1em\u00a0\u00bb header_3_text_color=\u00a0\u00bb#FFFFFF\u00a0\u00bb global_colors_info=\u00a0\u00bb{}\u00a0\u00bb]LegalDesk<br \/>\n[\/et_pb_text][et_pb_text _builder_version=\u00a0\u00bb4.20.0&Prime; _dynamic_attributes=\u00a0\u00bbcontent\u00a0\u00bb _module_preset=\u00a0\u00bbdefault\u00a0\u00bb header_font=\u00a0\u00bbOswald|||on|||||\u00a0\u00bb header_text_align=\u00a0\u00bbleft\u00a0\u00bb header_text_color=\u00a0\u00bb#343434&Prime; header_font_size=\u00a0\u00bb80px\u00a0\u00bb header_line_height=\u00a0\u00bb1.1em\u00a0\u00bb custom_margin_tablet=\u00a0\u00bb-10px||||false|false\u00a0\u00bb custom_margin_phone=\u00a0\u00bb-10px||||false|false\u00a0\u00bb custom_margin_last_edited=\u00a0\u00bbon|phone\u00a0\u00bb header_font_size_tablet=\u00a0\u00bb60px\u00a0\u00bb header_font_size_phone=\u00a0\u00bb50px\u00a0\u00bb header_font_size_last_edited=\u00a0\u00bbon|phone\u00a0\u00bb global_colors_info=\u00a0\u00bb{}\u00a0\u00bb]@ET-DC@eyJkeW5hbWljIjp0cnVlLCJjb250ZW50IjoicG9zdF90aXRsZSIsInNldHRpbmdzIjp7ImJlZm9yZSI6IjxoMT4iLCJhZnRlciI6IjwvaDE+In19@[\/et_pb_text][\/et_pb_column][\/et_pb_row][\/et_pb_section][et_pb_section fb_built=\u00a0\u00bb1&Prime; _builder_version=\u00a0\u00bb4.20.0&Prime; _module_preset=\u00a0\u00bbdefault\u00a0\u00bb custom_padding=\u00a0\u00bb100px||100px||true|false\u00a0\u00bb global_colors_info=\u00a0\u00bb{}\u00a0\u00bb][et_pb_row _builder_version=\u00a0\u00bb4.22.1&Prime; _module_preset=\u00a0\u00bbdefault\u00a0\u00bb global_colors_info=\u00a0\u00bb{}\u00a0\u00bb][et_pb_column type=\u00a0\u00bb4_4&Prime; _builder_version=\u00a0\u00bb4.20.0&Prime; _module_preset=\u00a0\u00bbdefault\u00a0\u00bb global_colors_info=\u00a0\u00bb{}\u00a0\u00bb][et_pb_text _builder_version=\u00a0\u00bb4.22.2&Prime; _module_preset=\u00a0\u00bbdefault\u00a0\u00bb text_font=\u00a0\u00bbRoboto Condensed||||||||\u00a0\u00bb text_text_color=\u00a0\u00bb#343434&Prime; text_line_height=\u00a0\u00bb1.6em\u00a0\u00bb custom_margin_tablet=\u00a0\u00bb-10px||||false|false\u00a0\u00bb custom_margin_phone=\u00a0\u00bb-10px||||false|false\u00a0\u00bb custom_margin_last_edited=\u00a0\u00bbon|phone\u00a0\u00bb hover_enabled=\u00a0\u00bb0&Prime; global_colors_info=\u00a0\u00bb{}\u00a0\u00bb sticky_enabled=\u00a0\u00bb0&Prime;]<\/p>\n<p>Ce site Web est exploit\u00e9 par LegalDesk, c\/o BGPartner AG, L\u00e4nggassstrasse 10, 3001 Bern (ci-apr\u00e8s d\u00e9nomm\u00e9 \u00ab\u00a0LegalDesk\u00a0\u00bb).<\/p>\n<p>[\/et_pb_text][et_pb_text _builder_version=\u00a0\u00bb4.22.2&Prime; _module_preset=\u00a0\u00bbdefault\u00a0\u00bb text_font=\u00a0\u00bbRoboto Condensed||||||||\u00a0\u00bb text_text_color=\u00a0\u00bb#343434&Prime; text_line_height=\u00a0\u00bb1.8em\u00a0\u00bb custom_margin=\u00a0\u00bb25px||||false|false\u00a0\u00bb custom_margin_tablet=\u00a0\u00bb-10px||||false|false\u00a0\u00bb custom_margin_phone=\u00a0\u00bb-10px||||false|false\u00a0\u00bb custom_margin_last_edited=\u00a0\u00bbon|phone\u00a0\u00bb hover_enabled=\u00a0\u00bb0&Prime; global_colors_info=\u00a0\u00bb{}\u00a0\u00bb sticky_enabled=\u00a0\u00bb0&Prime;]<\/p>\n<h3>Conditions d&rsquo;utilisation<\/h3>\n<p>Le contenu disponible sur ce site web est uniquement destin\u00e9 \u00e0 des fins d&rsquo;information g\u00e9n\u00e9rale. Il ne constitue pas un conseil juridique ou un autre conseil professionnel. Bien que LegalDesk fasse tout son possible pour s&rsquo;assurer que les informations sur ce site Web sont exactes, LegalDesk ne peut pas garantir l&rsquo;exactitude, l&rsquo;exhaustivit\u00e9, la pertinence ou autre.<\/p>\n<p>Toute responsabilit\u00e9 pour des dommages \u00e9ventuels r\u00e9sultant de l&rsquo;utilisation du site Web ou des informations disponibles sur celui-ci est exclue. En particulier, aucune responsabilit\u00e9 n&rsquo;est assum\u00e9e pour l&rsquo;actualit\u00e9, l&rsquo;exhaustivit\u00e9 et l&rsquo;exactitude du contenu. La responsabilit\u00e9 pour les liens vers des sites web de tiers et le contenu de ces sites est \u00e9galement exclue.<\/p>\n<p>La transmission d&rsquo;informations de ce site web ou la r\u00e9cup\u00e9ration de ces informations n&rsquo;\u00e9tablit pas une relation client-avocat entre le destinataire et LegalDesk.<\/p>\n<p>Il peut arriver que des e-mails ne soient pas livr\u00e9s ou qu&rsquo;ils ne soient pas livr\u00e9s \u00e0 temps. Nous vous demandons donc de nous envoyer les messages urgents ou importants par courrier ordinaire (avec preuve de r\u00e9ception) ou par service de messagerie. Lorsque vous utilisez le courrier \u00e9lectronique, nous vous recommandons de demander un accus\u00e9 de r\u00e9ception au destinataire. En cas de doute, vous devez contacter le destinataire par t\u00e9l\u00e9phone.<\/p>\n<p>Sauf indication contraire, LegalDesk d\u00e9tient les droits sur tout le contenu (images, textes, marques, etc.) utilis\u00e9 sur ce site web. Leur utilisation sans le consentement pr\u00e9alable de LegalDesk est interdite. La r\u00e9cup\u00e9ration ou l&rsquo;affichage automatis\u00e9s, complets ou partiels, du contenu de ce site Web au moyen d&rsquo;aides techniques (telles que les programmes d&rsquo;exploration du Web, les moteurs de recherche, le cadrage) sont \u00e9galement interdits.<\/p>\n<p>Les conditions d&rsquo;utilisation et la politique de confidentialit\u00e9 sont soumises au droit suisse. Tout litige d\u00e9coulant des conditions d&rsquo;utilisation et de la politique de protection de la vie priv\u00e9e ou en rapport avec celles-ci sera soumis \u00e0 la comp\u00e9tence exclusive des tribunaux de la ville de Zurich (Suisse).<\/p>\n<p>[\/et_pb_text][\/et_pb_column][\/et_pb_row][\/et_pb_section]<\/p>\n","protected":false},"excerpt":{"rendered":"<p>LegalDesk Ce site Web est exploit\u00e9 par LegalDesk, c\/o BGPartner AG, L\u00e4nggassstrasse 10, 3001 Bern (ci-apr\u00e8s d\u00e9nomm\u00e9 \u00ab\u00a0LegalDesk\u00a0\u00bb).Conditions d&rsquo;utilisation Le contenu disponible sur ce site web est uniquement destin\u00e9 \u00e0 des fins d&rsquo;information g\u00e9n\u00e9rale. Il ne constitue pas un conseil juridique ou un autre conseil professionnel. Bien que LegalDesk fasse tout son possible pour s&rsquo;assurer [&hellip;]<\/p>\n","protected":false},"author":1,"featured_media":0,"parent":0,"menu_order":0,"comment_status":"closed","ping_status":"closed","template":"","meta":{"_acf_changed":false,"_et_pb_use_builder":"on","_et_pb_old_content":"","_et_gb_content_width":"","footnotes":""},"dipi_cpt_category":[],"class_list":["post-1719","page","type-page","status-publish","hentry"],"acf":[],"yoast_head":"<!-- This site is optimized with the Yoast SEO plugin v27.3 - https:\/\/yoast.com\/product\/yoast-seo-wordpress\/ -->\n<title>Mentions l\u00e9gales - LegalDesk<\/title>\n<meta name=\"robots\" content=\"index, follow, max-snippet:-1, max-image-preview:large, max-video-preview:-1\" \/>\n<link rel=\"canonical\" href=\"https:\/\/legaldesk.ch\/impressum\/\" \/>\n<meta property=\"og:locale\" content=\"fr_FR\" \/>\n<meta property=\"og:type\" content=\"article\" \/>\n<meta property=\"og:title\" content=\"Mentions l\u00e9gales - LegalDesk\" \/>\n<meta property=\"og:description\" content=\"LegalDesk Ce site Web est exploit\u00e9 par LegalDesk, c\/o BGPartner AG, L\u00e4nggassstrasse 10, 3001 Bern (ci-apr\u00e8s d\u00e9nomm\u00e9 &quot;LegalDesk&quot;).Conditions d&#039;utilisation Le contenu disponible sur ce site web est uniquement destin\u00e9 \u00e0 des fins d&#039;information g\u00e9n\u00e9rale. Il ne constitue pas un conseil juridique ou un autre conseil professionnel. Bien que LegalDesk fasse tout son possible pour s&#039;assurer [&hellip;]\" \/>\n<meta property=\"og:site_name\" content=\"LegalDesk\" \/>\n<meta property=\"article:modified_time\" content=\"2023-10-19T14:24:37+00:00\" \/>\n<meta property=\"og:image\" content=\"https:\/\/legaldesk.ch\/wp-content\/uploads\/2023\/09\/230718_Grid_Anwaelte.jpg\" \/>\n\t<meta property=\"og:image:width\" content=\"2500\" \/>\n\t<meta property=\"og:image:height\" content=\"1406\" \/>\n\t<meta property=\"og:image:type\" content=\"image\/jpeg\" \/>\n<meta name=\"twitter:card\" content=\"summary_large_image\" \/>\n<meta name=\"twitter:label1\" content=\"Dur\u00e9e de lecture estim\u00e9e\" \/>\n\t<meta name=\"twitter:data1\" content=\"4 minutes\" \/>\n<script type=\"application\/ld+json\" class=\"yoast-schema-graph\">{\"@context\":\"https:\\\/\\\/schema.org\",\"@graph\":[{\"@type\":\"WebPage\",\"@id\":\"https:\\\/\\\/legaldesk.ch\\\/impressum\\\/\",\"url\":\"https:\\\/\\\/legaldesk.ch\\\/impressum\\\/\",\"name\":\"Mentions l\u00e9gales - LegalDesk\",\"isPartOf\":{\"@id\":\"https:\\\/\\\/legaldesk.ch\\\/#website\"},\"datePublished\":\"2023-03-02T17:05:50+00:00\",\"dateModified\":\"2023-10-19T14:24:37+00:00\",\"breadcrumb\":{\"@id\":\"https:\\\/\\\/legaldesk.ch\\\/impressum\\\/#breadcrumb\"},\"inLanguage\":\"fr-FR\",\"potentialAction\":[{\"@type\":\"ReadAction\",\"target\":[\"https:\\\/\\\/legaldesk.ch\\\/impressum\\\/\"]}]},{\"@type\":\"BreadcrumbList\",\"@id\":\"https:\\\/\\\/legaldesk.ch\\\/impressum\\\/#breadcrumb\",\"itemListElement\":[{\"@type\":\"ListItem\",\"position\":1,\"name\":\"Startseite\",\"item\":\"https:\\\/\\\/legaldesk.ch\\\/\"},{\"@type\":\"ListItem\",\"position\":2,\"name\":\"Mentions l\u00e9gales\"}]},{\"@type\":\"WebSite\",\"@id\":\"https:\\\/\\\/legaldesk.ch\\\/#website\",\"url\":\"https:\\\/\\\/legaldesk.ch\\\/\",\"name\":\"LegalDesk\",\"description\":\"Das Schweizer Anwaltsnetzwerk\",\"potentialAction\":[{\"@type\":\"SearchAction\",\"target\":{\"@type\":\"EntryPoint\",\"urlTemplate\":\"https:\\\/\\\/legaldesk.ch\\\/?s={search_term_string}\"},\"query-input\":{\"@type\":\"PropertyValueSpecification\",\"valueRequired\":true,\"valueName\":\"search_term_string\"}}],\"inLanguage\":\"fr-FR\"}]}<\/script>\n<!-- \/ Yoast SEO plugin. -->","yoast_head_json":{"title":"Mentions l\u00e9gales - LegalDesk","robots":{"index":"index","follow":"follow","max-snippet":"max-snippet:-1","max-image-preview":"max-image-preview:large","max-video-preview":"max-video-preview:-1"},"canonical":"https:\/\/legaldesk.ch\/impressum\/","og_locale":"fr_FR","og_type":"article","og_title":"Mentions l\u00e9gales - LegalDesk","og_description":"LegalDesk Ce site Web est exploit\u00e9 par LegalDesk, c\/o BGPartner AG, L\u00e4nggassstrasse 10, 3001 Bern (ci-apr\u00e8s d\u00e9nomm\u00e9 \"LegalDesk\").Conditions d'utilisation Le contenu disponible sur ce site web est uniquement destin\u00e9 \u00e0 des fins d'information g\u00e9n\u00e9rale. Il ne constitue pas un conseil juridique ou un autre conseil professionnel. Bien que LegalDesk fasse tout son possible pour s'assurer [&hellip;]","og_site_name":"LegalDesk","article_modified_time":"2023-10-19T14:24:37+00:00","og_image":[{"width":2500,"height":1406,"url":"https:\/\/legaldesk.ch\/wp-content\/uploads\/2023\/09\/230718_Grid_Anwaelte.jpg","type":"image\/jpeg"}],"twitter_card":"summary_large_image","twitter_misc":{"Dur\u00e9e de lecture estim\u00e9e":"4 minutes"},"schema":{"@context":"https:\/\/schema.org","@graph":[{"@type":"WebPage","@id":"https:\/\/legaldesk.ch\/impressum\/","url":"https:\/\/legaldesk.ch\/impressum\/","name":"Mentions l\u00e9gales - LegalDesk","isPartOf":{"@id":"https:\/\/legaldesk.ch\/#website"},"datePublished":"2023-03-02T17:05:50+00:00","dateModified":"2023-10-19T14:24:37+00:00","breadcrumb":{"@id":"https:\/\/legaldesk.ch\/impressum\/#breadcrumb"},"inLanguage":"fr-FR","potentialAction":[{"@type":"ReadAction","target":["https:\/\/legaldesk.ch\/impressum\/"]}]},{"@type":"BreadcrumbList","@id":"https:\/\/legaldesk.ch\/impressum\/#breadcrumb","itemListElement":[{"@type":"ListItem","position":1,"name":"Startseite","item":"https:\/\/legaldesk.ch\/"},{"@type":"ListItem","position":2,"name":"Mentions l\u00e9gales"}]},{"@type":"WebSite","@id":"https:\/\/legaldesk.ch\/#website","url":"https:\/\/legaldesk.ch\/","name":"LegalDesk","description":"Das Schweizer Anwaltsnetzwerk","potentialAction":[{"@type":"SearchAction","target":{"@type":"EntryPoint","urlTemplate":"https:\/\/legaldesk.ch\/?s={search_term_string}"},"query-input":{"@type":"PropertyValueSpecification","valueRequired":true,"valueName":"search_term_string"}}],"inLanguage":"fr-FR"}]}},"_links":{"self":[{"href":"https:\/\/legaldesk.ch\/fr\/wp-json\/wp\/v2\/pages\/1719","targetHints":{"allow":["GET"]}}],"collection":[{"href":"https:\/\/legaldesk.ch\/fr\/wp-json\/wp\/v2\/pages"}],"about":[{"href":"https:\/\/legaldesk.ch\/fr\/wp-json\/wp\/v2\/types\/page"}],"author":[{"embeddable":true,"href":"https:\/\/legaldesk.ch\/fr\/wp-json\/wp\/v2\/users\/1"}],"replies":[{"embeddable":true,"href":"https:\/\/legaldesk.ch\/fr\/wp-json\/wp\/v2\/comments?post=1719"}],"version-history":[{"count":2,"href":"https:\/\/legaldesk.ch\/fr\/wp-json\/wp\/v2\/pages\/1719\/revisions"}],"predecessor-version":[{"id":1722,"href":"https:\/\/legaldesk.ch\/fr\/wp-json\/wp\/v2\/pages\/1719\/revisions\/1722"}],"wp:attachment":[{"href":"https:\/\/legaldesk.ch\/fr\/wp-json\/wp\/v2\/media?parent=1719"}],"wp:term":[{"taxonomy":"dipi_cpt_category","embeddable":true,"href":"https:\/\/legaldesk.ch\/fr\/wp-json\/wp\/v2\/dipi_cpt_category?post=1719"}],"curies":[{"name":"wp","href":"https:\/\/api.w.org\/{rel}","templated":true}]}}